{"id":181,"date":"2019-06-03T08:38:32","date_gmt":"2019-06-03T08:38:32","guid":{"rendered":"https:\/\/amicidelcavallero-odv.it\/?page_id=181"},"modified":"2019-07-02T15:01:01","modified_gmt":"2019-07-02T15:01:01","slug":"gran-madre","status":"publish","type":"page","link":"https:\/\/amicidelcavallero-odv.it\/?page_id=181","title":{"rendered":"Gran Madre"},"content":{"rendered":"<p style=\"font-weight: 400;\"><span style=\"font-size: 20px; font-family: verdana, geneva, sans-serif;\">Un Cammino prezioso che consente una pi\u00f9 approfondita conoscenza del territorio Biellese, soprattutto di quello orientale, che in una cornice naturale di rara bellezza, si rivela ricco di uno straordinario patrimonio storico-artistico con pregevoli opere pittoriche, scultoree ed ebanistiche realizzate da vari artisti nel corso dei secoli.<\/span><\/p>\n<p style=\"font-weight: 400;\"><span style=\"font-size: 20px; font-family: verdana, geneva, sans-serif;\">Ma ci\u00f2 che maggiormente impressiona, \u00e8 il dato religioso. <\/span><span style=\"font-size: 20px; font-family: verdana, geneva, sans-serif;\">Nell\u2019area attraversata dal Cammino infatti, un ipotetico quadrilatero di 300Kmq, ci sono 28 santuari e in ben 9 di questi si venera una madonna Nera.\u00a0<\/span><\/p>\n<p style=\"font-weight: 400;\"><span style=\"font-size: 20px; font-family: verdana, geneva, sans-serif;\">Fede e bellezza, un invincibile binomio che si prolunga ormai da secoli.\u00a0<\/span><\/p>\n<p style=\"font-weight: 400;\"><span style=\"font-size: 20px; font-family: verdana, geneva, sans-serif;\">Fin dalla sua presentazione, \u00e8 stato proposto come Cammino di avvicinamento alla quinta centenaria incoronazione della Madonna di Oropa e da qui al 2020, sar\u00e0 riproposto come pellegrinaggio ogni anno.<\/span><\/p>\n<p><span style=\"font-family: verdana, geneva, sans-serif; font-size: 20px;\">In alcuni tratti, come quello tra il Santuario del Cavallero e il Santuario della Novareia, il percorso \u00e8 comune con quello del Cammino di San Carlo, tranne piccole varianti. Il percorso del Cammino della Gran Madre, oltre al logo in forma di icona bizantina, \u00e8 segnalato dalle caratteristiche frecce gialle. Si descrivono qui sotto le due tappe che interessano il santuario del Cavallero.<\/span><\/p>\n<p><strong><span style=\"font-family: verdana, geneva, sans-serif; font-size: 20px;\">Prima tappa: dal Santuario della Brughiera all\u2019Alpe di Noveis\u00a0 Km 14,5<\/span><\/strong><\/p>\n<p><span style=\"font-family: verdana, geneva, sans-serif; font-size: 20px;\">Tappa corta ma caratterizzata da forti dislivelli: 330m in discesa e 700m in salita. Cosa c\u2019\u00e8 da vedere: Il Sant. della Novareia, luogo di due apparizioni, Il Santuario del Cavallero con il ponte sospeso sul torrente Sessera (altro luogo di apparizione della Vergine nel 1678 &#8211; Lama della Madonna, ora scomparsa), \u00a0Il paese di Coggiola, \u00a0l\u2019oratorio di San Giovanni a Formantero dove al suo interno \u00e8 custodito un affresco di Madonna con Bambino del XV sec., Viera con la chiesa di san Grato e il piccolo Santuario delle Piane dedicato alla Madonna Nera di Oropa e infine l\u2019Alpe di Noveis, la piccola \u201cSvizzera Biellese\u201d.<\/span><\/p>\n<p><strong><span style=\"font-family: verdana, geneva, sans-serif; font-size: 20px;\">Seconda tappa: dall\u2019Alpe Noveis a Postua\u00a0 Km 15<\/span><\/strong><\/p>\n<p><span style=\"font-family: verdana, geneva, sans-serif; font-size: 20px;\">Tappa che dopo una breve salita, si svolge praticamente tutta in discesa. Cosa vedere: la chiesetta alpina di Noveis che domina la valle e la pianura, il Santuario della Brugarola dedicato alla Madonna di Oropa, Venarolo con il piccolo oratorio dedicato a san Giacomo, Piasca, paese natale del Beato Giacobino Canepacio, al quale si ispir\u00f2 il futuro san Carlo Borromeo, del quale troveremo altre tracce del suo passaggio lungo la via. Fucine, Naulina con i suoi oratori dedicati a San Grato e a San Bernardino. Roncole, dove alcuni mulini sono ancora oggi in uso e l\u2019oratorio di San Sebastiano che \u00e8 l\u2019edificio pi\u00f9 antico della valle, dove al suo interno si pu\u00f2 ammirare un ciclo di affreschi del XV sec. sulla Passione di Ges\u00f9. Il centro storico di Postua infine \u00e8 di straordinaria bellezza. Nel museo parrocchiale, accanto al Santuario dell\u2019Addolorata, \u00e8 custodita la preziosissima Sedes Sapientie, del 1200.<\/span><\/p>\n<p>&nbsp;<\/p>\n<p style=\"font-weight: 400;\"><strong><span style=\"font-size: 24px; font-family: verdana, geneva, sans-serif;\">Tutte le ta<\/span><span style=\"font-family: verdana, geneva, sans-serif; font-size: 24px;\">ppe del Cammino della Gran Madre<\/span><\/strong><\/p>\n<p style=\"font-weight: 400;\"><span style=\"font-family: verdana, geneva, sans-serif; font-size: 20px;\">1\u00b0tappa:<strong> Brughiera &#8211; Alpe di Noveis<\/strong>\u00a0\u00a0 Km 14,5<\/span><\/p>\n<p style=\"font-weight: 400;\"><span style=\"font-family: verdana, geneva, sans-serif; font-size: 20px;\">2\u00b0 tappa:<strong> Alpe Noveis &#8211; Postua<\/strong>\u00a0 Km 15<\/span><\/p>\n<p style=\"font-weight: 400;\"><span style=\"font-family: verdana, geneva, sans-serif; font-size: 20px;\">3\u00b0 tappa: <strong>Postua &#8211; Sostegno<\/strong> Km 15.4<\/span><\/p>\n<p style=\"font-weight: 400;\"><span style=\"font-size: 20px; font-family: verdana, geneva, sans-serif;\">4\u00b0 tappa: <strong>Sostegno &#8211; Gattinara\u00a0<\/strong> Km 19<\/span><\/p>\n<p style=\"font-weight: 400;\"><span style=\"font-size: 20px; font-family: verdana, geneva, sans-serif;\">5\u00b0 tappa:<strong> Gattinara &#8211; Masserano\u00a0<\/strong> Km 19<\/span><\/p>\n<p style=\"font-weight: 400;\"><span style=\"font-family: verdana, geneva, sans-serif; font-size: 20px;\">6\u00b0 tappa: <strong>Masserano &#8211; Portula<\/strong> Km 16.5<\/span><\/p>\n<p style=\"font-weight: 400;\"><span style=\"font-family: verdana, geneva, sans-serif; font-size: 20px;\">7\u00b0tappa: <strong>Portula &#8211; Sagliano<\/strong> Km 20<\/span><\/p>\n<p style=\"font-weight: 400;\"><span style=\"font-family: verdana, geneva, sans-serif; font-size: 20px;\">8\u00b0tappa:\u00a0 <strong>Sagliano &#8211; Sant. di Graglia\u00a0<\/strong> Km 22<\/span><\/p>\n<p style=\"font-weight: 400;\"><span style=\"font-size: 20px; font-family: verdana, geneva, sans-serif;\">9\u00b0 tappa:\u00a0 <strong>Sant. di Graglia &#8211; Sant. di Oropa<\/strong>\u00a0 Km 14<\/span><\/p>\n<p>&nbsp;<\/p>\n<p style=\"font-weight: 400;\">\n","protected":false},"excerpt":{"rendered":"<p>Un Cammino prezioso che consente una pi\u00f9 approfondita conoscenza del territorio Biellese, soprattutto di quello orientale, che in una cornice naturale di rara bellezza, si rivela ricco di uno straordinario patrimonio storico-artistico con pregevoli opere pittoriche, scultoree ed&#8230; <a class=\"read-more\" href=\"https:\/\/amicidelcavallero-odv.it\/?page_id=181\">Read More<\/a><\/p>\n","protected":false},"author":1,"featured_media":0,"parent":0,"menu_order":0,"comment_status":"closed","ping_status":"closed","template":"","meta":{"footnotes":""},"class_list":["post-181","page","type-page","status-publish","hentry","no-comments"],"yoast_head":"<!-- This site is optimized with the Yoast SEO plugin v27.5 - https:\/\/yoast.com\/product\/yoast-seo-wordpress\/ -->\n<title>Gran Madre - Amici del Cavallero - ODV<\/title>\n<meta name=\"robots\" content=\"index, follow, max-snippet:-1, max-image-preview:large, max-video-preview:-1\" \/>\n<link rel=\"canonical\" href=\"https:\/\/amicidelcavallero-odv.it\/?page_id=181\" \/>\n<meta property=\"og:locale\" content=\"it_IT\" \/>\n<meta property=\"og:type\" content=\"article\" \/>\n<meta property=\"og:title\" content=\"Gran Madre - Amici del Cavallero - ODV\" \/>\n<meta property=\"og:description\" content=\"Un Cammino prezioso che consente una pi\u00f9 approfondita conoscenza del territorio Biellese, soprattutto di quello orientale, che in una cornice naturale di rara bellezza, si rivela ricco di uno straordinario patrimonio storico-artistico con pregevoli opere pittoriche, scultoree ed... Read More\" \/>\n<meta property=\"og:url\" content=\"https:\/\/amicidelcavallero-odv.it\/?page_id=181\" \/>\n<meta property=\"og:site_name\" content=\"Amici del Cavallero - ODV\" \/>\n<meta property=\"article:modified_time\" content=\"2019-07-02T15:01:01+00:00\" \/>\n<meta name=\"twitter:card\" content=\"summary_large_image\" \/>\n<meta name=\"twitter:label1\" content=\"Tempo di lettura stimato\" \/>\n\t<meta name=\"twitter:data1\" content=\"3 minuti\" \/>\n<script type=\"application\/ld+json\" class=\"yoast-schema-graph\">{\"@context\":\"https:\\\/\\\/schema.org\",\"@graph\":[{\"@type\":\"WebPage\",\"@id\":\"https:\\\/\\\/amicidelcavallero-odv.it\\\/?page_id=181\",\"url\":\"https:\\\/\\\/amicidelcavallero-odv.it\\\/?page_id=181\",\"name\":\"Gran Madre - Amici del Cavallero - ODV\",\"isPartOf\":{\"@id\":\"https:\\\/\\\/amicidelcavallero-odv.it\\\/#website\"},\"datePublished\":\"2019-06-03T08:38:32+00:00\",\"dateModified\":\"2019-07-02T15:01:01+00:00\",\"breadcrumb\":{\"@id\":\"https:\\\/\\\/amicidelcavallero-odv.it\\\/?page_id=181#breadcrumb\"},\"inLanguage\":\"it-IT\",\"potentialAction\":[{\"@type\":\"ReadAction\",\"target\":[\"https:\\\/\\\/amicidelcavallero-odv.it\\\/?page_id=181\"]}]},{\"@type\":\"BreadcrumbList\",\"@id\":\"https:\\\/\\\/amicidelcavallero-odv.it\\\/?page_id=181#breadcrumb\",\"itemListElement\":[{\"@type\":\"ListItem\",\"position\":1,\"name\":\"Home\",\"item\":\"https:\\\/\\\/amicidelcavallero-odv.it\\\/\"},{\"@type\":\"ListItem\",\"position\":2,\"name\":\"Gran Madre\"}]},{\"@type\":\"WebSite\",\"@id\":\"https:\\\/\\\/amicidelcavallero-odv.it\\\/#website\",\"url\":\"https:\\\/\\\/amicidelcavallero-odv.it\\\/\",\"name\":\"Amici del Cavallero - ODV\",\"description\":\"Il Luogo che ci sta a cuore\",\"potentialAction\":[{\"@type\":\"SearchAction\",\"target\":{\"@type\":\"EntryPoint\",\"urlTemplate\":\"https:\\\/\\\/amicidelcavallero-odv.it\\\/?s={search_term_string}\"},\"query-input\":{\"@type\":\"PropertyValueSpecification\",\"valueRequired\":true,\"valueName\":\"search_term_string\"}}],\"inLanguage\":\"it-IT\"}]}<\/script>\n<!-- \/ Yoast SEO plugin. -->","yoast_head_json":{"title":"Gran Madre - Amici del Cavallero - ODV","robots":{"index":"index","follow":"follow","max-snippet":"max-snippet:-1","max-image-preview":"max-image-preview:large","max-video-preview":"max-video-preview:-1"},"canonical":"https:\/\/amicidelcavallero-odv.it\/?page_id=181","og_locale":"it_IT","og_type":"article","og_title":"Gran Madre - Amici del Cavallero - ODV","og_description":"Un Cammino prezioso che consente una pi\u00f9 approfondita conoscenza del territorio Biellese, soprattutto di quello orientale, che in una cornice naturale di rara bellezza, si rivela ricco di uno straordinario patrimonio storico-artistico con pregevoli opere pittoriche, scultoree ed... Read More","og_url":"https:\/\/amicidelcavallero-odv.it\/?page_id=181","og_site_name":"Amici del Cavallero - ODV","article_modified_time":"2019-07-02T15:01:01+00:00","twitter_card":"summary_large_image","twitter_misc":{"Tempo di lettura stimato":"3 minuti"},"schema":{"@context":"https:\/\/schema.org","@graph":[{"@type":"WebPage","@id":"https:\/\/amicidelcavallero-odv.it\/?page_id=181","url":"https:\/\/amicidelcavallero-odv.it\/?page_id=181","name":"Gran Madre - Amici del Cavallero - ODV","isPartOf":{"@id":"https:\/\/amicidelcavallero-odv.it\/#website"},"datePublished":"2019-06-03T08:38:32+00:00","dateModified":"2019-07-02T15:01:01+00:00","breadcrumb":{"@id":"https:\/\/amicidelcavallero-odv.it\/?page_id=181#breadcrumb"},"inLanguage":"it-IT","potentialAction":[{"@type":"ReadAction","target":["https:\/\/amicidelcavallero-odv.it\/?page_id=181"]}]},{"@type":"BreadcrumbList","@id":"https:\/\/amicidelcavallero-odv.it\/?page_id=181#breadcrumb","itemListElement":[{"@type":"ListItem","position":1,"name":"Home","item":"https:\/\/amicidelcavallero-odv.it\/"},{"@type":"ListItem","position":2,"name":"Gran Madre"}]},{"@type":"WebSite","@id":"https:\/\/amicidelcavallero-odv.it\/#website","url":"https:\/\/amicidelcavallero-odv.it\/","name":"Amici del Cavallero - ODV","description":"Il Luogo che ci sta a cuore","potentialAction":[{"@type":"SearchAction","target":{"@type":"EntryPoint","urlTemplate":"https:\/\/amicidelcavallero-odv.it\/?s={search_term_string}"},"query-input":{"@type":"PropertyValueSpecification","valueRequired":true,"valueName":"search_term_string"}}],"inLanguage":"it-IT"}]}},"jetpack_sharing_enabled":true,"_links":{"self":[{"href":"https:\/\/amicidelcavallero-odv.it\/index.php?rest_route=\/wp\/v2\/pages\/181","targetHints":{"allow":["GET"]}}],"collection":[{"href":"https:\/\/amicidelcavallero-odv.it\/index.php?rest_route=\/wp\/v2\/pages"}],"about":[{"href":"https:\/\/amicidelcavallero-odv.it\/index.php?rest_route=\/wp\/v2\/types\/page"}],"author":[{"embeddable":true,"href":"https:\/\/amicidelcavallero-odv.it\/index.php?rest_route=\/wp\/v2\/users\/1"}],"replies":[{"embeddable":true,"href":"https:\/\/amicidelcavallero-odv.it\/index.php?rest_route=%2Fwp%2Fv2%2Fcomments&post=181"}],"version-history":[{"count":5,"href":"https:\/\/amicidelcavallero-odv.it\/index.php?rest_route=\/wp\/v2\/pages\/181\/revisions"}],"predecessor-version":[{"id":292,"href":"https:\/\/amicidelcavallero-odv.it\/index.php?rest_route=\/wp\/v2\/pages\/181\/revisions\/292"}],"wp:attachment":[{"href":"https:\/\/amicidelcavallero-odv.it\/index.php?rest_route=%2Fwp%2Fv2%2Fmedia&parent=181"}],"curies":[{"name":"wp","href":"https:\/\/api.w.org\/{rel}","templated":true}]}}